{"id":41,"date":"2025-12-19T11:57:24","date_gmt":"2025-12-19T11:57:24","guid":{"rendered":"https:\/\/jf-montedapedra.pt.pcspeed.com.pt\/wp\/?page_id=41"},"modified":"2025-12-19T22:18:01","modified_gmt":"2025-12-19T22:18:01","slug":"arquivo-de-noticias","status":"publish","type":"page","link":"https:\/\/jf-montedapedra.pt\/wp\/?page_id=41","title":{"rendered":"Arquivo de Not\u00edcias"},"content":{"rendered":"<ul class=\"wp-block-latest-posts__list wp-block-latest-posts\"><li><a class=\"wp-block-latest-posts__post-title\" href=\"https:\/\/jf-montedapedra.pt\/wp\/?p=104\">Convocat\u00f3ria Elei\u00e7\u00f5es Legislativas 2019<\/a><\/li>\n<\/ul>","protected":false},"excerpt":{"rendered":"","protected":false},"author":1,"featured_media":0,"parent":0,"menu_order":0,"comment_status":"closed","ping_status":"closed","template":"","meta":{"footnotes":""},"class_list":["post-41","page","type-page","status-publish","hentry"],"_links":{"self":[{"href":"https:\/\/jf-montedapedra.pt\/wp\/index.php?rest_route=\/wp\/v2\/pages\/41","targetHints":{"allow":["GET"]}}],"collection":[{"href":"https:\/\/jf-montedapedra.pt\/wp\/index.php?rest_route=\/wp\/v2\/pages"}],"about":[{"href":"https:\/\/jf-montedapedra.pt\/wp\/index.php?rest_route=\/wp\/v2\/types\/page"}],"author":[{"embeddable":true,"href":"https:\/\/jf-montedapedra.pt\/wp\/index.php?rest_route=\/wp\/v2\/users\/1"}],"replies":[{"embeddable":true,"href":"https:\/\/jf-montedapedra.pt\/wp\/index.php?rest_route=%2Fwp%2Fv2%2Fcomments&post=41"}],"version-history":[{"count":2,"href":"https:\/\/jf-montedapedra.pt\/wp\/index.php?rest_route=\/wp\/v2\/pages\/41\/revisions"}],"predecessor-version":[{"id":115,"href":"https:\/\/jf-montedapedra.pt\/wp\/index.php?rest_route=\/wp\/v2\/pages\/41\/revisions\/115"}],"wp:attachment":[{"href":"https:\/\/jf-montedapedra.pt\/wp\/index.php?rest_route=%2Fwp%2Fv2%2Fmedia&parent=41"}],"curies":[{"name":"wp","href":"https:\/\/api.w.org\/{rel}","templated":true}]}}