{"id":29,"date":"2025-12-19T11:55:14","date_gmt":"2025-12-19T11:55:14","guid":{"rendered":"https:\/\/jf-montedapedra.pt.pcspeed.com.pt\/wp\/?page_id=29"},"modified":"2025-12-19T21:26:05","modified_gmt":"2025-12-19T21:26:05","slug":"cultura-e-lazer","status":"publish","type":"page","link":"https:\/\/jf-montedapedra.pt\/wp\/?page_id=29","title":{"rendered":"Cultura e Lazer"},"content":{"rendered":"\n<p>Festas e Romarias:<br>Festa em Honra de Sto. Isidro<br>S\u00e1bado seguinte \u00e0 5.\u00aa Feira da Ascens\u00e3o<\/p>\n\n\n\n<p>Festa em Honra de S. Sebasti\u00e3o (Festa do Ver\u00e3o)<br>3.\u00ba Fim de semana de Julho (3 dias).<\/p>\n\n\n\n<p>Feiras:<br>3.\u00ba domingo de Maio;<br>4.\u00ba Domingo de Novembro.<\/p>\n\n\n\n<p><\/p>\n","protected":false},"excerpt":{"rendered":"<p>Festas e Romarias:Festa em Honra de Sto. IsidroS\u00e1bado seguinte \u00e0 5.\u00aa Feira da Ascens\u00e3o Festa em Honra de S. Sebasti\u00e3o (Festa do Ver\u00e3o)3.\u00ba Fim de semana de Julho (3 dias). &#8230;<\/p>\n","protected":false},"author":1,"featured_media":0,"parent":0,"menu_order":0,"comment_status":"closed","ping_status":"closed","template":"","meta":{"footnotes":""},"class_list":["post-29","page","type-page","status-publish","hentry"],"_links":{"self":[{"href":"https:\/\/jf-montedapedra.pt\/wp\/index.php?rest_route=\/wp\/v2\/pages\/29","targetHints":{"allow":["GET"]}}],"collection":[{"href":"https:\/\/jf-montedapedra.pt\/wp\/index.php?rest_route=\/wp\/v2\/pages"}],"about":[{"href":"https:\/\/jf-montedapedra.pt\/wp\/index.php?rest_route=\/wp\/v2\/types\/page"}],"author":[{"embeddable":true,"href":"https:\/\/jf-montedapedra.pt\/wp\/index.php?rest_route=\/wp\/v2\/users\/1"}],"replies":[{"embeddable":true,"href":"https:\/\/jf-montedapedra.pt\/wp\/index.php?rest_route=%2Fwp%2Fv2%2Fcomments&post=29"}],"version-history":[{"count":2,"href":"https:\/\/jf-montedapedra.pt\/wp\/index.php?rest_route=\/wp\/v2\/pages\/29\/revisions"}],"predecessor-version":[{"id":96,"href":"https:\/\/jf-montedapedra.pt\/wp\/index.php?rest_route=\/wp\/v2\/pages\/29\/revisions\/96"}],"wp:attachment":[{"href":"https:\/\/jf-montedapedra.pt\/wp\/index.php?rest_route=%2Fwp%2Fv2%2Fmedia&parent=29"}],"curies":[{"name":"wp","href":"https:\/\/api.w.org\/{rel}","templated":true}]}}