{"id":23,"date":"2025-12-19T11:54:25","date_gmt":"2025-12-19T11:54:25","guid":{"rendered":"https:\/\/jf-montedapedra.pt.pcspeed.com.pt\/wp\/?page_id=23"},"modified":"2025-12-19T16:20:09","modified_gmt":"2025-12-19T16:20:09","slug":"patrimonio","status":"publish","type":"page","link":"https:\/\/jf-montedapedra.pt\/wp\/?page_id=23","title":{"rendered":"Patrim\u00f3nio"},"content":{"rendered":"\n<h4 class=\"wp-block-heading\">IGREJA PAROQUIAL<\/h4>\n\n\n\n<p>\u00c9 edif\u00edcio do tipo caracter\u00edstico da regi\u00e3o e a que d\u00e1 acesso uma escadaria de granito. Tem fachada singela com p\u00f3rtico e janel\u00e3o rectangular e empena triangular. A torre sineira tem quatro olhais e c\u00fapula c\u00f3nica pontiaguda. No interior apresenta uma nave \u00fanica com capela-mor e dois altares de madeira com boa obra de talha.<\/p>\n\n\n\n<figure class=\"wp-block-image size-full\"><img fetchpriority=\"high\" decoding=\"async\" width=\"534\" height=\"800\" src=\"https:\/\/jf-montedapedra.pt.pcspeed.com.pt\/wp\/wp-content\/uploads\/2025\/12\/1-1.jpg\" alt=\"\" class=\"wp-image-69\" srcset=\"https:\/\/jf-montedapedra.pt\/wp\/wp-content\/uploads\/2025\/12\/1-1.jpg 534w, https:\/\/jf-montedapedra.pt\/wp\/wp-content\/uploads\/2025\/12\/1-1-200x300.jpg 200w\" sizes=\"(max-width: 534px) 100vw, 534px\" \/><\/figure>\n\n\n\n<figure class=\"wp-block-image size-full\"><img decoding=\"async\" width=\"800\" height=\"534\" src=\"https:\/\/jf-montedapedra.pt.pcspeed.com.pt\/wp\/wp-content\/uploads\/2025\/12\/2-1.jpg\" alt=\"\" class=\"wp-image-70\" srcset=\"https:\/\/jf-montedapedra.pt\/wp\/wp-content\/uploads\/2025\/12\/2-1.jpg 800w, https:\/\/jf-montedapedra.pt\/wp\/wp-content\/uploads\/2025\/12\/2-1-300x200.jpg 300w, https:\/\/jf-montedapedra.pt\/wp\/wp-content\/uploads\/2025\/12\/2-1-768x513.jpg 768w\" sizes=\"(max-width: 800px) 100vw, 800px\" \/><\/figure>\n\n\n\n<figure class=\"wp-block-image size-full\"><img decoding=\"async\" width=\"534\" height=\"800\" src=\"https:\/\/jf-montedapedra.pt.pcspeed.com.pt\/wp\/wp-content\/uploads\/2025\/12\/3.jpg\" alt=\"\" class=\"wp-image-71\" srcset=\"https:\/\/jf-montedapedra.pt\/wp\/wp-content\/uploads\/2025\/12\/3.jpg 534w, https:\/\/jf-montedapedra.pt\/wp\/wp-content\/uploads\/2025\/12\/3-200x300.jpg 200w\" sizes=\"(max-width: 534px) 100vw, 534px\" \/><\/figure>\n\n\n\n<figure class=\"wp-block-image size-full\"><img loading=\"lazy\" decoding=\"async\" width=\"534\" height=\"800\" src=\"https:\/\/jf-montedapedra.pt.pcspeed.com.pt\/wp\/wp-content\/uploads\/2025\/12\/4-1.jpg\" alt=\"\" class=\"wp-image-72\" srcset=\"https:\/\/jf-montedapedra.pt\/wp\/wp-content\/uploads\/2025\/12\/4-1.jpg 534w, https:\/\/jf-montedapedra.pt\/wp\/wp-content\/uploads\/2025\/12\/4-1-200x300.jpg 200w\" sizes=\"(max-width: 534px) 100vw, 534px\" \/><\/figure>\n\n\n\n<figure class=\"wp-block-image size-full\"><img loading=\"lazy\" decoding=\"async\" width=\"800\" height=\"534\" src=\"https:\/\/jf-montedapedra.pt.pcspeed.com.pt\/wp\/wp-content\/uploads\/2025\/12\/5.jpg\" alt=\"\" class=\"wp-image-74\" srcset=\"https:\/\/jf-montedapedra.pt\/wp\/wp-content\/uploads\/2025\/12\/5.jpg 800w, https:\/\/jf-montedapedra.pt\/wp\/wp-content\/uploads\/2025\/12\/5-300x200.jpg 300w, https:\/\/jf-montedapedra.pt\/wp\/wp-content\/uploads\/2025\/12\/5-768x513.jpg 768w\" sizes=\"(max-width: 800px) 100vw, 800px\" \/><\/figure>\n\n\n\n<figure class=\"wp-block-image size-full\"><img loading=\"lazy\" decoding=\"async\" width=\"800\" height=\"534\" src=\"https:\/\/jf-montedapedra.pt.pcspeed.com.pt\/wp\/wp-content\/uploads\/2025\/12\/6.jpg\" alt=\"\" class=\"wp-image-75\" srcset=\"https:\/\/jf-montedapedra.pt\/wp\/wp-content\/uploads\/2025\/12\/6.jpg 800w, https:\/\/jf-montedapedra.pt\/wp\/wp-content\/uploads\/2025\/12\/6-300x200.jpg 300w, https:\/\/jf-montedapedra.pt\/wp\/wp-content\/uploads\/2025\/12\/6-768x513.jpg 768w\" sizes=\"(max-width: 800px) 100vw, 800px\" \/><\/figure>\n\n\n\n<hr class=\"wp-block-separator has-alpha-channel-opacity is-style-wide\"\/>\n\n\n\n<h2 class=\"wp-block-heading\"><strong>TERMAS DE MONTE DA PEDRA<\/strong><\/h2>\n\n\n\n<p>A primeira refer\u00eancia a esta nascente \u00e9 de Tavares (1810, 160) \u201c\u2026 nasce debaixo de um rochedo de quartzo, na quantidade de um anel de \u00e1gua, pouco mais ou menos, uma fonte, que desde a sua origem vem encanada, corre cristalina, com sabor e cheiro hep\u00e1ticos, activos de maneira que antes de chegar \u00e0 fonte este se sente como ovos chocos, deixa no seu transito deposito de lodo inferiormente preto, e por cima branco, o qual depois de seco arde com chama azul &#8230;\u00c9 verdadeiramente fria, e mais ainda que as \u00e1guas ordin\u00e1rias, que por aqui se encontram\u2026\u201d<br>Foi ainda mencionada pelo m\u00e9dico militar Francisco de Assun\u00e7\u00e3o (1845) num curto texto em que nos d\u00e1 a sua localiza\u00e7\u00e3o e a sua natureza \u201csulf\u00farea fria\u201d. Lopes (1892) nada acrescenta sobre esta nascente, referindo a sua utiliza\u00e7\u00e3o local: \u201c\u2026da qual o povo algumas aplica\u00e7\u00f5es medicinais tem feito\u201d.<br>Em \u201c\u00c1guas e Termas Portuguesas\u201d (1918) tamb\u00e9m \u00e9 curta a refer\u00eancia: \u201c No concelho do Crato, na freguesia do monte da Pedra, a 15 kilometros da sede de concelho, mas apenas a 4 da esta\u00e7\u00e3o de Cunheira, na linha de Leste, h\u00e1 uma nascente de \u00e1guas sulf\u00fareas, ainda sem explora\u00e7\u00e3o regular. S\u00e3o propriedade da C\u00e2mara Municipal.\u201d<br>Ter\u00e1 sido no 1\u00ba quartel do s\u00e9c. XX que a C\u00e2mara Municipal do Crato mandou construiu o balne\u00e1rio, mas fazendo a sua explora\u00e7\u00e3o por arrendamento anual. O edif\u00edcio foi descrito por Acciaiuoli (1947,267): \u201cAs instala\u00e7\u00f5es constam de um edif\u00edcio de pedra e cal, com as dimens\u00f5es de 21x 9,7 metros e \u00e9 constitu\u00eddo por dois pavimentos, um dos quais ao n\u00edvel da entrada principal, composto de cozinha, quatro quartos e duas salas para refei\u00e7\u00f5es, e outro superior a este \u2013 \u00e1gua-furtada \u2013 em que se encontram dois quartos e, finalmente, o t\u00e9rreo, onde existem os dois quartos de banho, com uma banheira cada um.\u201d Este autor calculava a frequ\u00eancia em duas centenas por \u00e9poca balnear, o que obrigava a iniciarem-se os banhos \u00e0s 2h da madrugada at\u00e9 cerca das 10h da manh\u00e3. &nbsp;<br>No in\u00edcio da d\u00e9cada de 90 (s\u00e9c. XX) foi constru\u00eddo um novo edif\u00edcio para servir de balne\u00e1rio, segundo o projecto do Arquitecto Jo\u00e3o Rebolo &nbsp;<br>No final da \u00e9poca termal de 1997, o estabelecimento encerrou, a raz\u00e3o principal era a polui\u00e7\u00e3o da Ribeira, e a capta\u00e7\u00e3o da \u00e1gua mineral feita por furo a cerca de 30 m de profundidade. Nas obras de renova\u00e7\u00e3o ent\u00e3o iniciadas, procedeu-se \u00e0 impermeabiliza\u00e7\u00e3o da ribeira, a abertura de dois novos furos que captam a \u00e1gua a 160 e 180m de profundidade<\/p>\n\n\n\n<p>Actualmente procede-se a constru\u00e7\u00e3o de saneamento na freguesia, encontrando-se a \u00e1gua da fossa das termas bombeada para uma ETAR, at\u00e9 \u00e1 constru\u00e7\u00e3o do esgoto que servir\u00e1 as termas. Outro problema colocado pela Direc\u00e7\u00e3o Geral de Sa\u00fade \u00e9 a exist\u00eancia de quartos de aluguer no piso superior ao balne\u00e1rio que foram j\u00e1 desactivados, n\u00e3o tendo ainda destino estes espa\u00e7os.&nbsp;&nbsp; In:&nbsp;<a href=\"http:\/\/www.aguas.ics.ul.pt\/\">www.aguas.ics.ul.pt<\/a><\/p>\n\n\n\n<hr class=\"wp-block-separator has-alpha-channel-opacity is-style-wide\"\/>\n\n\n\n<figure class=\"wp-block-image size-full\"><img loading=\"lazy\" decoding=\"async\" width=\"600\" height=\"800\" src=\"https:\/\/jf-montedapedra.pt.pcspeed.com.pt\/wp\/wp-content\/uploads\/2025\/12\/226005_432498893463490_919967986_n.jpg\" alt=\"\" class=\"wp-image-76\" srcset=\"https:\/\/jf-montedapedra.pt\/wp\/wp-content\/uploads\/2025\/12\/226005_432498893463490_919967986_n.jpg 600w, https:\/\/jf-montedapedra.pt\/wp\/wp-content\/uploads\/2025\/12\/226005_432498893463490_919967986_n-225x300.jpg 225w\" sizes=\"(max-width: 600px) 100vw, 600px\" \/><\/figure>\n\n\n\n<figure class=\"wp-block-image size-full\"><img loading=\"lazy\" decoding=\"async\" width=\"800\" height=\"602\" src=\"https:\/\/jf-montedapedra.pt.pcspeed.com.pt\/wp\/wp-content\/uploads\/2025\/12\/Centro_de_Saude.jpg\" alt=\"\" class=\"wp-image-77\" srcset=\"https:\/\/jf-montedapedra.pt\/wp\/wp-content\/uploads\/2025\/12\/Centro_de_Saude.jpg 800w, https:\/\/jf-montedapedra.pt\/wp\/wp-content\/uploads\/2025\/12\/Centro_de_Saude-300x226.jpg 300w, https:\/\/jf-montedapedra.pt\/wp\/wp-content\/uploads\/2025\/12\/Centro_de_Saude-768x578.jpg 768w\" sizes=\"(max-width: 800px) 100vw, 800px\" \/><\/figure>\n\n\n\n<figure class=\"wp-block-image size-full\"><img loading=\"lazy\" decoding=\"async\" width=\"720\" height=\"538\" src=\"https:\/\/jf-montedapedra.pt.pcspeed.com.pt\/wp\/wp-content\/uploads\/2025\/12\/z8.jpg\" alt=\"\" class=\"wp-image-78\" srcset=\"https:\/\/jf-montedapedra.pt\/wp\/wp-content\/uploads\/2025\/12\/z8.jpg 720w, https:\/\/jf-montedapedra.pt\/wp\/wp-content\/uploads\/2025\/12\/z8-300x224.jpg 300w\" sizes=\"(max-width: 720px) 100vw, 720px\" \/><\/figure>\n\n\n\n<figure class=\"wp-block-image size-full\"><img loading=\"lazy\" decoding=\"async\" width=\"598\" height=\"800\" src=\"https:\/\/jf-montedapedra.pt.pcspeed.com.pt\/wp\/wp-content\/uploads\/2025\/12\/Fonte_Anibal1.jpg\" alt=\"\" class=\"wp-image-79\" srcset=\"https:\/\/jf-montedapedra.pt\/wp\/wp-content\/uploads\/2025\/12\/Fonte_Anibal1.jpg 598w, https:\/\/jf-montedapedra.pt\/wp\/wp-content\/uploads\/2025\/12\/Fonte_Anibal1-224x300.jpg 224w\" sizes=\"(max-width: 598px) 100vw, 598px\" \/><\/figure>\n\n\n\n<figure class=\"wp-block-image size-full\"><img loading=\"lazy\" decoding=\"async\" width=\"800\" height=\"602\" src=\"https:\/\/jf-montedapedra.pt.pcspeed.com.pt\/wp\/wp-content\/uploads\/2025\/12\/Fonte_Boto1.jpg\" alt=\"\" class=\"wp-image-80\" srcset=\"https:\/\/jf-montedapedra.pt\/wp\/wp-content\/uploads\/2025\/12\/Fonte_Boto1.jpg 800w, https:\/\/jf-montedapedra.pt\/wp\/wp-content\/uploads\/2025\/12\/Fonte_Boto1-300x226.jpg 300w, https:\/\/jf-montedapedra.pt\/wp\/wp-content\/uploads\/2025\/12\/Fonte_Boto1-768x578.jpg 768w\" sizes=\"(max-width: 800px) 100vw, 800px\" \/><\/figure>\n\n\n\n<figure class=\"wp-block-image size-full\"><img loading=\"lazy\" decoding=\"async\" width=\"600\" height=\"800\" src=\"https:\/\/jf-montedapedra.pt.pcspeed.com.pt\/wp\/wp-content\/uploads\/2025\/12\/Fonte_da_Calccia3.jpg\" alt=\"\" class=\"wp-image-81\" srcset=\"https:\/\/jf-montedapedra.pt\/wp\/wp-content\/uploads\/2025\/12\/Fonte_da_Calccia3.jpg 600w, https:\/\/jf-montedapedra.pt\/wp\/wp-content\/uploads\/2025\/12\/Fonte_da_Calccia3-225x300.jpg 225w\" sizes=\"(max-width: 600px) 100vw, 600px\" \/><\/figure>\n\n\n\n<figure class=\"wp-block-image size-full\"><img loading=\"lazy\" decoding=\"async\" width=\"800\" height=\"600\" src=\"https:\/\/jf-montedapedra.pt.pcspeed.com.pt\/wp\/wp-content\/uploads\/2025\/12\/Fonte_da_Calccia5.jpg\" alt=\"\" class=\"wp-image-82\" srcset=\"https:\/\/jf-montedapedra.pt\/wp\/wp-content\/uploads\/2025\/12\/Fonte_da_Calccia5.jpg 800w, https:\/\/jf-montedapedra.pt\/wp\/wp-content\/uploads\/2025\/12\/Fonte_da_Calccia5-300x225.jpg 300w, https:\/\/jf-montedapedra.pt\/wp\/wp-content\/uploads\/2025\/12\/Fonte_da_Calccia5-768x576.jpg 768w\" sizes=\"(max-width: 800px) 100vw, 800px\" \/><\/figure>\n\n\n\n<figure class=\"wp-block-image size-full\"><img loading=\"lazy\" decoding=\"async\" width=\"800\" height=\"600\" src=\"https:\/\/jf-montedapedra.pt.pcspeed.com.pt\/wp\/wp-content\/uploads\/2025\/12\/Fonte_de_Baixo1.jpg\" alt=\"\" class=\"wp-image-83\" srcset=\"https:\/\/jf-montedapedra.pt\/wp\/wp-content\/uploads\/2025\/12\/Fonte_de_Baixo1.jpg 800w, https:\/\/jf-montedapedra.pt\/wp\/wp-content\/uploads\/2025\/12\/Fonte_de_Baixo1-300x225.jpg 300w, https:\/\/jf-montedapedra.pt\/wp\/wp-content\/uploads\/2025\/12\/Fonte_de_Baixo1-768x576.jpg 768w\" sizes=\"(max-width: 800px) 100vw, 800px\" \/><\/figure>\n\n\n\n<figure class=\"wp-block-image size-full\"><img loading=\"lazy\" decoding=\"async\" width=\"800\" height=\"600\" src=\"https:\/\/jf-montedapedra.pt.pcspeed.com.pt\/wp\/wp-content\/uploads\/2025\/12\/IMG_5920.jpg\" alt=\"\" class=\"wp-image-84\" srcset=\"https:\/\/jf-montedapedra.pt\/wp\/wp-content\/uploads\/2025\/12\/IMG_5920.jpg 800w, https:\/\/jf-montedapedra.pt\/wp\/wp-content\/uploads\/2025\/12\/IMG_5920-300x225.jpg 300w, https:\/\/jf-montedapedra.pt\/wp\/wp-content\/uploads\/2025\/12\/IMG_5920-768x576.jpg 768w\" sizes=\"(max-width: 800px) 100vw, 800px\" \/><\/figure>\n\n\n\n<figure class=\"wp-block-image size-full\"><img loading=\"lazy\" decoding=\"async\" width=\"800\" height=\"600\" src=\"https:\/\/jf-montedapedra.pt.pcspeed.com.pt\/wp\/wp-content\/uploads\/2025\/12\/l1.jpg\" alt=\"\" class=\"wp-image-85\" srcset=\"https:\/\/jf-montedapedra.pt\/wp\/wp-content\/uploads\/2025\/12\/l1.jpg 800w, https:\/\/jf-montedapedra.pt\/wp\/wp-content\/uploads\/2025\/12\/l1-300x225.jpg 300w, https:\/\/jf-montedapedra.pt\/wp\/wp-content\/uploads\/2025\/12\/l1-768x576.jpg 768w\" sizes=\"(max-width: 800px) 100vw, 800px\" \/><\/figure>\n\n\n\n<figure class=\"wp-block-image size-full\"><img loading=\"lazy\" decoding=\"async\" width=\"800\" height=\"598\" src=\"https:\/\/jf-montedapedra.pt.pcspeed.com.pt\/wp\/wp-content\/uploads\/2025\/12\/Poao_Escola.jpg\" alt=\"\" class=\"wp-image-86\" srcset=\"https:\/\/jf-montedapedra.pt\/wp\/wp-content\/uploads\/2025\/12\/Poao_Escola.jpg 800w, https:\/\/jf-montedapedra.pt\/wp\/wp-content\/uploads\/2025\/12\/Poao_Escola-300x224.jpg 300w, https:\/\/jf-montedapedra.pt\/wp\/wp-content\/uploads\/2025\/12\/Poao_Escola-768x574.jpg 768w\" sizes=\"(max-width: 800px) 100vw, 800px\" \/><\/figure>\n\n\n\n<figure class=\"wp-block-image size-full\"><img loading=\"lazy\" decoding=\"async\" width=\"720\" height=\"538\" src=\"https:\/\/jf-montedapedra.pt.pcspeed.com.pt\/wp\/wp-content\/uploads\/2025\/12\/z1.jpg\" alt=\"\" class=\"wp-image-87\" srcset=\"https:\/\/jf-montedapedra.pt\/wp\/wp-content\/uploads\/2025\/12\/z1.jpg 720w, https:\/\/jf-montedapedra.pt\/wp\/wp-content\/uploads\/2025\/12\/z1-300x224.jpg 300w\" sizes=\"(max-width: 720px) 100vw, 720px\" \/><\/figure>\n\n\n\n<figure class=\"wp-block-image size-full\"><img loading=\"lazy\" decoding=\"async\" width=\"538\" height=\"720\" src=\"https:\/\/jf-montedapedra.pt.pcspeed.com.pt\/wp\/wp-content\/uploads\/2025\/12\/z2.jpg\" alt=\"\" class=\"wp-image-88\" srcset=\"https:\/\/jf-montedapedra.pt\/wp\/wp-content\/uploads\/2025\/12\/z2.jpg 538w, https:\/\/jf-montedapedra.pt\/wp\/wp-content\/uploads\/2025\/12\/z2-224x300.jpg 224w\" sizes=\"(max-width: 538px) 100vw, 538px\" \/><\/figure>\n\n\n\n<figure class=\"wp-block-image size-full\"><img loading=\"lazy\" decoding=\"async\" width=\"720\" height=\"538\" src=\"https:\/\/jf-montedapedra.pt.pcspeed.com.pt\/wp\/wp-content\/uploads\/2025\/12\/z8-1.jpg\" alt=\"\" class=\"wp-image-89\" srcset=\"https:\/\/jf-montedapedra.pt\/wp\/wp-content\/uploads\/2025\/12\/z8-1.jpg 720w, https:\/\/jf-montedapedra.pt\/wp\/wp-content\/uploads\/2025\/12\/z8-1-300x224.jpg 300w\" sizes=\"(max-width: 720px) 100vw, 720px\" \/><\/figure>\n\n\n\n<figure class=\"wp-block-image size-full\"><img loading=\"lazy\" decoding=\"async\" width=\"800\" height=\"602\" src=\"https:\/\/jf-montedapedra.pt.pcspeed.com.pt\/wp\/wp-content\/uploads\/2025\/12\/2-2.jpg\" alt=\"\" class=\"wp-image-90\" srcset=\"https:\/\/jf-montedapedra.pt\/wp\/wp-content\/uploads\/2025\/12\/2-2.jpg 800w, https:\/\/jf-montedapedra.pt\/wp\/wp-content\/uploads\/2025\/12\/2-2-300x226.jpg 300w, https:\/\/jf-montedapedra.pt\/wp\/wp-content\/uploads\/2025\/12\/2-2-768x578.jpg 768w\" sizes=\"(max-width: 800px) 100vw, 800px\" \/><\/figure>\n","protected":false},"excerpt":{"rendered":"<p>IGREJA PAROQUIAL \u00c9 edif\u00edcio do tipo caracter\u00edstico da regi\u00e3o e a que d\u00e1 acesso uma escadaria de granito. Tem fachada singela com p\u00f3rtico e janel\u00e3o rectangular e empena triangular. A &#8230;<\/p>\n","protected":false},"author":1,"featured_media":0,"parent":0,"menu_order":0,"comment_status":"closed","ping_status":"closed","template":"","meta":{"footnotes":""},"class_list":["post-23","page","type-page","status-publish","hentry"],"_links":{"self":[{"href":"https:\/\/jf-montedapedra.pt\/wp\/index.php?rest_route=\/wp\/v2\/pages\/23","targetHints":{"allow":["GET"]}}],"collection":[{"href":"https:\/\/jf-montedapedra.pt\/wp\/index.php?rest_route=\/wp\/v2\/pages"}],"about":[{"href":"https:\/\/jf-montedapedra.pt\/wp\/index.php?rest_route=\/wp\/v2\/types\/page"}],"author":[{"embeddable":true,"href":"https:\/\/jf-montedapedra.pt\/wp\/index.php?rest_route=\/wp\/v2\/users\/1"}],"replies":[{"embeddable":true,"href":"https:\/\/jf-montedapedra.pt\/wp\/index.php?rest_route=%2Fwp%2Fv2%2Fcomments&post=23"}],"version-history":[{"count":2,"href":"https:\/\/jf-montedapedra.pt\/wp\/index.php?rest_route=\/wp\/v2\/pages\/23\/revisions"}],"predecessor-version":[{"id":91,"href":"https:\/\/jf-montedapedra.pt\/wp\/index.php?rest_route=\/wp\/v2\/pages\/23\/revisions\/91"}],"wp:attachment":[{"href":"https:\/\/jf-montedapedra.pt\/wp\/index.php?rest_route=%2Fwp%2Fv2%2Fmedia&parent=23"}],"curies":[{"name":"wp","href":"https:\/\/api.w.org\/{rel}","templated":true}]}}