{"id":20,"date":"2025-12-19T11:53:54","date_gmt":"2025-12-19T11:53:54","guid":{"rendered":"https:\/\/jf-montedapedra.pt.pcspeed.com.pt\/wp\/?page_id=20"},"modified":"2025-12-19T16:06:49","modified_gmt":"2025-12-19T16:06:49","slug":"historial","status":"publish","type":"page","link":"https:\/\/jf-montedapedra.pt\/wp\/?page_id=20","title":{"rendered":"Historial"},"content":{"rendered":"\n<p>Monte da Pedra foi uma reitoria ou priorado da apresenta\u00e7\u00e3o do Gr\u00e3o-Prior do Crato. O p\u00e1roco vencia uma c\u00f4ngrua de 60 mil r\u00e9is al\u00e9m do p\u00e9-de-altar. Esteve anexada, para efeitos administrativos, \u00e0 freguesia de Aldeia da Mata.<br>A igreja matriz \u00e9 do s\u00e9culo XVII e foi restaurada no seguinte. \u00c9 edif\u00edcio do tipo caracter\u00edstico da regi\u00e3o e a que d\u00e1 acesso uma escadaria de granito. Tem fachada singela com p\u00f3rtico e janel\u00e3o rectangular e empena triangular. A torre sineira tem quatro olhais e c\u00fapula c\u00f3nica pontiaguda. No interior apresenta uma nave \u00fanica com capela-mor e dois altares de madeira com boa obra de talha. O altar-mor tem pilastras rectil\u00edneas e front\u00e3o interrompido. O p\u00falpito, de pedra, \u00e9 bastante curioso. Possui imagens de S. Sebasti\u00e3o, da Virgem com o Menino e de S. Marcos, todas do s\u00e9culo XVI, de pedra policromada e de not\u00e1veis dimens\u00f5es; e de Santo Ant\u00f3nio e de Cristo Crucificado, do s\u00e9culo XVII, em madeira policromada. De entre as alfaias lit\u00fargicas destaque-se um tur\u00edbulo, um porta-h\u00f3stias e duas navetas em prata, de finais do s\u00e9culo XVII.<\/p>\n\n\n\n<figure class=\"wp-block-image size-full\"><img fetchpriority=\"high\" decoding=\"async\" width=\"534\" height=\"800\" src=\"https:\/\/jf-montedapedra.pt.pcspeed.com.pt\/wp\/wp-content\/uploads\/2025\/12\/1.jpg\" alt=\"\" class=\"wp-image-62\" srcset=\"https:\/\/jf-montedapedra.pt\/wp\/wp-content\/uploads\/2025\/12\/1.jpg 534w, https:\/\/jf-montedapedra.pt\/wp\/wp-content\/uploads\/2025\/12\/1-200x300.jpg 200w\" sizes=\"(max-width: 534px) 100vw, 534px\" \/><\/figure>\n\n\n\n<figure class=\"wp-block-image size-full\"><img decoding=\"async\" width=\"800\" height=\"602\" src=\"https:\/\/jf-montedapedra.pt.pcspeed.com.pt\/wp\/wp-content\/uploads\/2025\/12\/2.jpg\" alt=\"\" class=\"wp-image-64\" srcset=\"https:\/\/jf-montedapedra.pt\/wp\/wp-content\/uploads\/2025\/12\/2.jpg 800w, https:\/\/jf-montedapedra.pt\/wp\/wp-content\/uploads\/2025\/12\/2-300x226.jpg 300w, https:\/\/jf-montedapedra.pt\/wp\/wp-content\/uploads\/2025\/12\/2-768x578.jpg 768w\" sizes=\"(max-width: 800px) 100vw, 800px\" \/><\/figure>\n\n\n\n<figure class=\"wp-block-image size-full\"><img decoding=\"async\" width=\"720\" height=\"538\" src=\"https:\/\/jf-montedapedra.pt.pcspeed.com.pt\/wp\/wp-content\/uploads\/2025\/12\/4.jpg\" alt=\"\" class=\"wp-image-65\" srcset=\"https:\/\/jf-montedapedra.pt\/wp\/wp-content\/uploads\/2025\/12\/4.jpg 720w, https:\/\/jf-montedapedra.pt\/wp\/wp-content\/uploads\/2025\/12\/4-300x224.jpg 300w\" sizes=\"(max-width: 720px) 100vw, 720px\" \/><\/figure>\n\n\n\n<figure class=\"wp-block-image size-full\"><img loading=\"lazy\" decoding=\"async\" width=\"800\" height=\"602\" src=\"https:\/\/jf-montedapedra.pt.pcspeed.com.pt\/wp\/wp-content\/uploads\/2025\/12\/9.jpg\" alt=\"\" class=\"wp-image-66\" srcset=\"https:\/\/jf-montedapedra.pt\/wp\/wp-content\/uploads\/2025\/12\/9.jpg 800w, https:\/\/jf-montedapedra.pt\/wp\/wp-content\/uploads\/2025\/12\/9-300x226.jpg 300w, https:\/\/jf-montedapedra.pt\/wp\/wp-content\/uploads\/2025\/12\/9-768x578.jpg 768w\" sizes=\"(max-width: 800px) 100vw, 800px\" \/><\/figure>\n\n\n\n<figure class=\"wp-block-image size-full\"><img loading=\"lazy\" decoding=\"async\" width=\"800\" height=\"600\" src=\"https:\/\/jf-montedapedra.pt.pcspeed.com.pt\/wp\/wp-content\/uploads\/2025\/12\/Fonte.jpg\" alt=\"\" class=\"wp-image-67\" srcset=\"https:\/\/jf-montedapedra.pt\/wp\/wp-content\/uploads\/2025\/12\/Fonte.jpg 800w, https:\/\/jf-montedapedra.pt\/wp\/wp-content\/uploads\/2025\/12\/Fonte-300x225.jpg 300w, https:\/\/jf-montedapedra.pt\/wp\/wp-content\/uploads\/2025\/12\/Fonte-768x576.jpg 768w\" sizes=\"(max-width: 800px) 100vw, 800px\" \/><\/figure>\n","protected":false},"excerpt":{"rendered":"<p>Monte da Pedra foi uma reitoria ou priorado da apresenta\u00e7\u00e3o do Gr\u00e3o-Prior do Crato. O p\u00e1roco vencia uma c\u00f4ngrua de 60 mil r\u00e9is al\u00e9m do p\u00e9-de-altar. Esteve anexada, para efeitos &#8230;<\/p>\n","protected":false},"author":1,"featured_media":0,"parent":0,"menu_order":0,"comment_status":"closed","ping_status":"closed","template":"","meta":{"footnotes":""},"class_list":["post-20","page","type-page","status-publish","hentry"],"_links":{"self":[{"href":"https:\/\/jf-montedapedra.pt\/wp\/index.php?rest_route=\/wp\/v2\/pages\/20","targetHints":{"allow":["GET"]}}],"collection":[{"href":"https:\/\/jf-montedapedra.pt\/wp\/index.php?rest_route=\/wp\/v2\/pages"}],"about":[{"href":"https:\/\/jf-montedapedra.pt\/wp\/index.php?rest_route=\/wp\/v2\/types\/page"}],"author":[{"embeddable":true,"href":"https:\/\/jf-montedapedra.pt\/wp\/index.php?rest_route=\/wp\/v2\/users\/1"}],"replies":[{"embeddable":true,"href":"https:\/\/jf-montedapedra.pt\/wp\/index.php?rest_route=%2Fwp%2Fv2%2Fcomments&post=20"}],"version-history":[{"count":2,"href":"https:\/\/jf-montedapedra.pt\/wp\/index.php?rest_route=\/wp\/v2\/pages\/20\/revisions"}],"predecessor-version":[{"id":68,"href":"https:\/\/jf-montedapedra.pt\/wp\/index.php?rest_route=\/wp\/v2\/pages\/20\/revisions\/68"}],"wp:attachment":[{"href":"https:\/\/jf-montedapedra.pt\/wp\/index.php?rest_route=%2Fwp%2Fv2%2Fmedia&parent=20"}],"curies":[{"name":"wp","href":"https:\/\/api.w.org\/{rel}","templated":true}]}}