{"id":16,"date":"2025-12-19T11:52:00","date_gmt":"2025-12-19T11:52:00","guid":{"rendered":"https:\/\/jf-montedapedra.pt.pcspeed.com.pt\/wp\/?page_id=16"},"modified":"2025-12-19T16:03:36","modified_gmt":"2025-12-19T16:03:36","slug":"dados-gerais","status":"publish","type":"page","link":"https:\/\/jf-montedapedra.pt\/wp\/?page_id=16","title":{"rendered":"Dados Gerais"},"content":{"rendered":"\n<p>Freguesia situada junto \u00e0 ribeira de Sor, Monte da Pedra dista 15 quil\u00f3metros da sede do concelho. Ocupando uma superf\u00edcie com uma \u00e1rea de 67,91 quil\u00f3metros quadrados, esta freguesia \u00e9 considerada a mais t\u00edpica do concelho de Crato, devido \u00e0s caracter\u00edsticas da arquitectura tradicional da povoa\u00e7\u00e3o. Trata-se de uma povoa\u00e7\u00e3o de casario tipicamente alentejano, no meio do qual se levanta, sobressaindo, a bela igreja de Nossa Senhora da Concei\u00e7\u00e3o. Esta freguesia \u00e9 tamb\u00e9m muito conhecida pela fama curativa das suas \u00e1guas.<\/p>\n\n\n\n<figure class=\"wp-block-image size-full\"><img fetchpriority=\"high\" decoding=\"async\" width=\"970\" height=\"300\" src=\"https:\/\/jf-montedapedra.pt.pcspeed.com.pt\/wp\/wp-content\/uploads\/2025\/12\/197023A1.jpg\" alt=\"\" class=\"wp-image-58\" srcset=\"https:\/\/jf-montedapedra.pt\/wp\/wp-content\/uploads\/2025\/12\/197023A1.jpg 970w, https:\/\/jf-montedapedra.pt\/wp\/wp-content\/uploads\/2025\/12\/197023A1-300x93.jpg 300w, https:\/\/jf-montedapedra.pt\/wp\/wp-content\/uploads\/2025\/12\/197023A1-768x238.jpg 768w\" sizes=\"(max-width: 970px) 100vw, 970px\" \/><\/figure>\n\n\n\n<figure class=\"wp-block-image size-full\"><img decoding=\"async\" width=\"970\" height=\"300\" src=\"https:\/\/jf-montedapedra.pt.pcspeed.com.pt\/wp\/wp-content\/uploads\/2025\/12\/257495A2.jpg\" alt=\"\" class=\"wp-image-59\" srcset=\"https:\/\/jf-montedapedra.pt\/wp\/wp-content\/uploads\/2025\/12\/257495A2.jpg 970w, https:\/\/jf-montedapedra.pt\/wp\/wp-content\/uploads\/2025\/12\/257495A2-300x93.jpg 300w, https:\/\/jf-montedapedra.pt\/wp\/wp-content\/uploads\/2025\/12\/257495A2-768x238.jpg 768w\" sizes=\"(max-width: 970px) 100vw, 970px\" \/><\/figure>\n\n\n\n<figure class=\"wp-block-image size-full\"><img decoding=\"async\" width=\"970\" height=\"300\" src=\"https:\/\/jf-montedapedra.pt.pcspeed.com.pt\/wp\/wp-content\/uploads\/2025\/12\/669918A3.jpg\" alt=\"\" class=\"wp-image-60\" srcset=\"https:\/\/jf-montedapedra.pt\/wp\/wp-content\/uploads\/2025\/12\/669918A3.jpg 970w, https:\/\/jf-montedapedra.pt\/wp\/wp-content\/uploads\/2025\/12\/669918A3-300x93.jpg 300w, https:\/\/jf-montedapedra.pt\/wp\/wp-content\/uploads\/2025\/12\/669918A3-768x238.jpg 768w\" sizes=\"(max-width: 970px) 100vw, 970px\" \/><\/figure>\n","protected":false},"excerpt":{"rendered":"<p>Freguesia situada junto \u00e0 ribeira de Sor, Monte da Pedra dista 15 quil\u00f3metros da sede do concelho. Ocupando uma superf\u00edcie com uma \u00e1rea de 67,91 quil\u00f3metros quadrados, esta freguesia \u00e9 &#8230;<\/p>\n","protected":false},"author":1,"featured_media":0,"parent":0,"menu_order":0,"comment_status":"closed","ping_status":"closed","template":"","meta":{"footnotes":""},"class_list":["post-16","page","type-page","status-publish","hentry"],"_links":{"self":[{"href":"https:\/\/jf-montedapedra.pt\/wp\/index.php?rest_route=\/wp\/v2\/pages\/16","targetHints":{"allow":["GET"]}}],"collection":[{"href":"https:\/\/jf-montedapedra.pt\/wp\/index.php?rest_route=\/wp\/v2\/pages"}],"about":[{"href":"https:\/\/jf-montedapedra.pt\/wp\/index.php?rest_route=\/wp\/v2\/types\/page"}],"author":[{"embeddable":true,"href":"https:\/\/jf-montedapedra.pt\/wp\/index.php?rest_route=\/wp\/v2\/users\/1"}],"replies":[{"embeddable":true,"href":"https:\/\/jf-montedapedra.pt\/wp\/index.php?rest_route=%2Fwp%2Fv2%2Fcomments&post=16"}],"version-history":[{"count":2,"href":"https:\/\/jf-montedapedra.pt\/wp\/index.php?rest_route=\/wp\/v2\/pages\/16\/revisions"}],"predecessor-version":[{"id":61,"href":"https:\/\/jf-montedapedra.pt\/wp\/index.php?rest_route=\/wp\/v2\/pages\/16\/revisions\/61"}],"wp:attachment":[{"href":"https:\/\/jf-montedapedra.pt\/wp\/index.php?rest_route=%2Fwp%2Fv2%2Fmedia&parent=16"}],"curies":[{"name":"wp","href":"https:\/\/api.w.org\/{rel}","templated":true}]}}